{"id":156,"date":"2021-10-14T23:41:17","date_gmt":"2021-10-14T21:41:17","guid":{"rendered":"https:\/\/krystyna.przymorzu.pl\/?page_id=156"},"modified":"2021-10-16T01:23:05","modified_gmt":"2021-10-15T23:23:05","slug":"polityka-prywatnosci-i-regulamin","status":"publish","type":"page","link":"https:\/\/krystyna.przymorzu.pl\/en\/polityka-prywatnosci-i-regulamin\/","title":{"rendered":"Privacy policy and regulations"},"content":{"rendered":"<h2 class=\"wp-block-heading\">Privacy policy and regulations<\/h2>\n\n\n\n<p>1. Serwis nie zbiera w spos\u00f3b automatyczny \u017cadnych informacji, z wyj\u0105tkiem informacji zawartych w plikach cookies.<\/p>\n\n\n\n<p>2. Pliki cookies (tzw. \u201eciasteczka\u201d) stanowi\u0105 dane informatyczne, w szczeg\u00f3lno\u015bci pliki tekstowe, kt\u00f3re przechowywane s\u0105 w urz\u0105dzeniu ko\u0144cowym U\u017cytkownika SERWISU i przeznaczone s\u0105 do korzystania ze stron internetowych SERWISU. Cookies zazwyczaj zawieraj\u0105 nazw\u0119 strony internetowej, z kt\u00f3rej pochodz\u0105, czas przechowywania ich na urz\u0105dzeniu ko\u0144cowym oraz unikalny numer.<\/p>\n\n\n\n<p>3. Podmiotem zamieszczaj\u0105cym na urz\u0105dzeniu ko\u0144cowym U\u017cytkownika SERWISU pliki cookies oraz uzyskuj\u0105cym do nich dost\u0119p jest operator strony.<\/p>\n\n\n\n<p>4. Pliki cookies wykorzystywane s\u0105 w celu:<br>\u2013 dostosowania zawarto\u015bci Serwisu do preferencji U\u017cytkownika oraz optymalizacji korzystania ze stron internetowych;<br>\u2013 utrzymanie sesji U\u017cytkownika<\/p>\n\n\n\n<p>5. W ramach Serwisu stosowane s\u0105 dwa zasadnicze rodzaje plik\u00f3w cookies: \u201esesyjne\u201d (session cookies) oraz \u201esta\u0142e\u201d (persistent cookies). Cookies \u201esesyjne\u201d s\u0105 plikami tymczasowymi, kt\u00f3re przechowywane s\u0105 w urz\u0105dzeniu ko\u0144cowym U\u017cytkownika do czasu opuszczenia strony internetowej lub wy\u0142\u0105czenia oprogramowania (przegl\u0105darki internetowej). \u201eSta\u0142e\u201d pliki cookies przechowywane s\u0105 w urz\u0105dzeniu ko\u0144cowym U\u017cytkownika przez czas okre\u015blony w parametrach plik\u00f3w cookies lub do czasu ich usuni\u0119cia przez U\u017cytkownika.<\/p>\n\n\n\n<p>6. W ramach SERWISU stosowane s\u0105 nast\u0119puj\u0105ce rodzaje plik\u00f3w cookies:<br>\u2013 \u201efunkcjonalne\u201d pliki cookies, umo\u017cliwiaj\u0105ce \u201ezapami\u0119tanie\u201d wybranych przez U\u017cytkownika ustawie\u0144 i personalizacj\u0119 interfejsu U\u017cytkownika, np. w zakresie wybranego j\u0119zyka lub regionu, z kt\u00f3rego pochodzi U\u017cytkownik, rozmiaru czcionki, wygl\u0105du strony internetowej itp..<\/p>\n\n\n\n<p>7. W wielu przypadkach OPROGRAMOWANIE s\u0142u\u017c\u0105ce do przegl\u0105dania stron internetowych (przegl\u0105darka internetowa) domy\u015blnie dopuszcza przechowywanie plik\u00f3w cookies w urz\u0105dzeniu ko\u0144cowym U\u017cytkownika. U\u017cytkownicy SERWISU mog\u0105 dokona\u0107 w ka\u017cdym czasie zmiany ustawie\u0144 dotycz\u0105cych plik\u00f3w cookies. Ustawienia te mog\u0105 zosta\u0107 zmienione w szczeg\u00f3lno\u015bci w taki spos\u00f3b, aby blokowa\u0107 automatyczn\u0105 obs\u0142ug\u0119 plik\u00f3w cookies w ustawieniach przegl\u0105darki internetowej b\u0105d\u017a informowa\u0107 o ich ka\u017cdorazowym zamieszczeniu w urz\u0105dzeniu U\u017cytkownika Serwisu. Szczeg\u00f3\u0142owe informacje o mo\u017cliwo\u015bci i sposobach obs\u0142ugi plik\u00f3w cookies dost\u0119pne s\u0105 w ustawieniach oprogramowania (przegl\u0105darki internetowej).<\/p>\n\n\n\n<p>8. Operator Serwisu informuje, \u017ce ograniczenia stosowania plik\u00f3w cookies mog\u0105 wp\u0142yn\u0105\u0107 na niekt\u00f3re funkcjonalno\u015bci dost\u0119pne na stronach internetowych Serwisu.<\/p>\n\n\n\n<p>9. Wi\u0119cej informacji na temat plik\u00f3w cookies dost\u0119pnych jest w sekcji \u201ePomoc\u201d w menu przegl\u0105darki internetowej.<\/p>\n\n\n\n<h2 class=\"wp-block-heading\">Klauzula informacyjna<\/h2>\n\n\n\n<p>1. dane osobowe przetwarzane b\u0119d\u0105 w celu przygotowania rezerwacji noclegu.<\/p>\n\n\n\n<p>2. odbiorc\u0105 danych osobowych b\u0119d\u0105 wy\u0142\u0105cznie osoby uprawnione do ich przetwarzania tj w\u0142a\u015bciciel strony.<\/p>\n\n\n\n<p>3. dane osobowe nie b\u0119d\u0105 przekazywane do pa\u0144stwa trzeciego\/organizacji mi\u0119dzynarodowej.<\/p>\n\n\n\n<p>4. dane osobowe nie s\u0105 przez nas przechowywane i przekazywane dalej;<\/p>\n\n\n\n<p>5. maj\u0105 Pa\u0144stwo prawo wniesienia skargi do Prezesa Urz\u0119du Ochrony Danych Osobowych w zakresie naruszenia prawo do ochrony danych osobowych lub innych praw przyznanych na mocy RODO.<\/p>\n\n\n\n<p>6. podanie danych osobowych jest warunkiem przygotowania rezerwacji noclegu. S\u0105 Pa\u0144stwo zobowi\u0105zani do ich podania, a konsekwencj\u0105 niepodania danych osobowych b\u0119dzie ograniczona mo\u017cliwo\u015b\u0107 nawi\u0105zania wsp\u00f3\u0142pracy;<\/p>\n\n\n\n<p>7. Pa\u0144stwa dane nie b\u0119d\u0105 przetwarzane w spos\u00f3b zautomatyzowany w tym r\u00f3wnie\u017c w formie profilowania.<\/p>","protected":false},"excerpt":{"rendered":"<p>Polityka prywatno\u015bci 1. Serwis nie zbiera w spos\u00f3b automatyczny \u017cadnych informacji, z wyj\u0105tkiem informacji zawartych w plikach cookies. 2. Pliki cookies (tzw. \u201eciasteczka\u201d) stanowi\u0105 dane informatyczne, w szczeg\u00f3lno\u015bci pliki tekstowe, kt\u00f3re przechowywane s\u0105 w urz\u0105dzeniu ko\u0144cowym U\u017cytkownika SERWISU i przeznaczone s\u0105 do korzystania ze stron internetowych SERWISU. Cookies zazwyczaj zawieraj\u0105 nazw\u0119 strony internetowej, z kt\u00f3rej [&hellip;]<\/p>","protected":false},"author":1,"featured_media":0,"parent":0,"menu_order":0,"comment_status":"closed","ping_status":"open","template":"","meta":{"_acf_changed":false,"inline_featured_image":false,"footnotes":""},"class_list":["post-156","page","type-page","status-publish","hentry"],"acf":[],"_links":{"self":[{"href":"https:\/\/krystyna.przymorzu.pl\/en\/wp-json\/wp\/v2\/pages\/156","targetHints":{"allow":["GET"]}}],"collection":[{"href":"https:\/\/krystyna.przymorzu.pl\/en\/wp-json\/wp\/v2\/pages"}],"about":[{"href":"https:\/\/krystyna.przymorzu.pl\/en\/wp-json\/wp\/v2\/types\/page"}],"author":[{"embeddable":true,"href":"https:\/\/krystyna.przymorzu.pl\/en\/wp-json\/wp\/v2\/users\/1"}],"replies":[{"embeddable":true,"href":"https:\/\/krystyna.przymorzu.pl\/en\/wp-json\/wp\/v2\/comments?post=156"}],"version-history":[{"count":0,"href":"https:\/\/krystyna.przymorzu.pl\/en\/wp-json\/wp\/v2\/pages\/156\/revisions"}],"wp:attachment":[{"href":"https:\/\/krystyna.przymorzu.pl\/en\/wp-json\/wp\/v2\/media?parent=156"}],"curies":[{"name":"wp","href":"https:\/\/api.w.org\/{rel}","templated":true}]}}