{"id":7,"date":"2021-09-28T18:18:44","date_gmt":"2021-09-28T16:18:44","guid":{"rendered":"https:\/\/krystyna.przymorzu.pl\/?page_id=7"},"modified":"2023-07-17T15:08:24","modified_gmt":"2023-07-17T13:08:24","slug":"strona-glowna","status":"publish","type":"page","link":"https:\/\/krystyna.przymorzu.pl\/en\/","title":{"rendered":"Home"},"content":{"rendered":"<h3 class=\"wp-block-heading\">Campsite<\/h3>\n\n\n\n<p class=\"translation-block\">There are 5 male and 5 female shower cabins in the bathrooms at the campsite. Hot water is available from 6:00 am to 10:30 pm. At the campsite, there is a discharge point for sewage from caravans and campers. Free access to WiFi.<\/p>\n\n\n\n<p class=\"translation-block\">In addition, we have <strong> new Dutch trailers <\/strong> with full sanitary facilities, a living room with a TV and 2 bedrooms. There is a TV and a games room in the Wiking field.<\/p>\n\n\n\n<div class=\"wp-block-group alignfull has-white-color has-text-color has-background\" style=\"background-color:#f7f7f7\"><div class=\"wp-block-group__inner-container is-layout-flow wp-block-group-is-layout-flow\">\n<div style=\"height:30px\" aria-hidden=\"true\" class=\"wp-block-spacer\"><\/div>\n\n\n\n<p class=\"has-text-align-center has-text-color\" style=\"color:#484848;font-size:18px;line-height:.9\">Campsite<\/p>\n\n\n\n<h3 class=\"wp-block-heading has-text-align-center has-text-color\" id=\"schedule-a-visit\" style=\"color:#484848;font-size:26px;line-height:1.15\"><strong>Book your stay at the campsite<\/strong><\/h3>\n\n\n\n<div class=\"wp-block-buttons is-horizontal is-content-justification-center is-layout-flex wp-container-core-buttons-is-layout-499968f5 wp-block-buttons-is-layout-flex\">\n<div class=\"wp-block-button reservation campsite\"><a class=\"wp-block-button__link has-text-color has-background wp-element-button\" href=\"#kontakt\" style=\"border-radius:3px;color:#ffffff;background-color:#2196f3\">Contact us<\/a><\/div>\n<\/div>\n\n\n\n<div style=\"height:30px\" aria-hidden=\"true\" class=\"wp-block-spacer\"><\/div>\n<\/div><\/div>\n\n\n\n<h3 class=\"wp-block-heading\">Domki, pokoje i kwatery pracownicze<\/h3>\n\n\n\n<p class=\"translation-block\">We also offer <strong> rooms for 2, 3, 4 persons for rent <\/strong> in our year-round house, which is located in the campsite.<\/p>\n\n\n\n<p>Ponadto oferujemy&nbsp;<strong>ca\u0142oroczne noclegi dla pracownik\u00f3w<\/strong>. Do wynaj\u0119cia mamy kwatery pracownicze, pokoje oraz domki. W sprawie nocleg\u00f3w pracowniczych, prosimy dzwoni\u0107 na tel.&nbsp;<strong>888-499-998<\/strong>&nbsp;<strong>, 788-011-020<\/strong>&nbsp;lub pisa\u0107 na adres e-mail:&nbsp;<a rel=\"noreferrer noopener\" href=\"mailto:kowal956@wp.pl\" target=\"_blank\"><strong>kowal956@wp.pl<\/strong><\/a><\/p>\n\n\n\n<p><\/p>\n\n\n\n<p>We invite all those seeking peace and quiet to take advantage of our offer. Here you will feel the breath of fresh seaside air saturated with iodine and salt.<\/p>\n\n\n\n<div class=\"wp-block-group alignfull has-white-color has-text-color has-background\" style=\"background-color:#f7f7f7\"><div class=\"wp-block-group__inner-container is-layout-flow wp-block-group-is-layout-flow\">\n<div style=\"height:30px\" aria-hidden=\"true\" class=\"wp-block-spacer\"><\/div>\n\n\n\n<p class=\"has-text-align-center has-text-color\" style=\"color:#484848;font-size:18px;line-height:.9\">Domki, pokoje i kwatery pracownicze<\/p>\n\n\n\n<h3 class=\"wp-block-heading has-text-align-center has-text-color\" id=\"schedule-a-visit\" style=\"color:#484848;font-size:26px;line-height:1.15\"><strong>Book a cottage, room or apartment<\/strong><\/h3>\n\n\n\n<div class=\"wp-block-buttons is-horizontal is-content-justification-center is-layout-flex wp-container-core-buttons-is-layout-499968f5 wp-block-buttons-is-layout-flex\">\n<div class=\"wp-block-button reservation rooms\"><a class=\"wp-block-button__link has-text-color has-background wp-element-button\" href=\"#kontakt\" style=\"border-radius:3px;color:#ffffff;background-color:#2196f3\">Contact us<\/a><\/div>\n<\/div>\n\n\n\n<div style=\"height:30px\" aria-hidden=\"true\" class=\"wp-block-spacer\"><\/div>\n<\/div><\/div>\n\n\n\n<p><strong>The accommodation day starts at 2 p.m. and ends at 10 a.m.<\/strong><\/p>\n\n\n\n<p><strong>ATTENTION !<\/strong><\/p>\n\n\n\n<p>If any of you has already been to us and has photos from our facility and agrees to put them in our Newly Created Chronicle of our facility, please send it to our company address:&nbsp;<strong>krystyna_rowy@o2.pl<\/strong><\/p>\n\n\n\n<p>Best regards.<\/p>\n\n\n\n<hr class=\"wp-block-separator has-css-opacity\"\/>\n\n\n\n<p>Zapraszamy r\u00f3wnie\u017c do odwiedzenia zaprzyja\u017anionego obiektu w g\u00f3rach <strong><a href=\"https:\/\/kawolecekrajicku.pl\/\" target=\"_blank\" rel=\"noreferrer noopener\">https:\/\/kawolecekrajicku.pl\/<\/a><\/strong><\/p>\n\n\n\n<p><\/p>","protected":false},"excerpt":{"rendered":"<p>Pole namiotowe Na polu namiotowym w \u0142azienkach znajduje si\u0119 5 kabin prysznicowych m\u0119skich i 5 damskich. Ciep\u0142a woda jest w godzinach od 6:00 rano do 22:30 wieczorem. Na polu namiotowym znajduje si\u0119 punkt do zrzutu \u015bciek\u00f3w z przyczep kempingowych oraz kamper\u00f3w. Na terenie obiektu darmowy dost\u0119p do internetu przez&nbsp;Wi-Fi. Ponadto posiadamy&nbsp;nowe przyczepy typy holender&nbsp;z pe\u0142nym [&hellip;]<\/p>","protected":false},"author":1,"featured_media":0,"parent":0,"menu_order":0,"comment_status":"closed","ping_status":"open","template":"index.php","meta":{"_acf_changed":false,"inline_featured_image":false,"footnotes":""},"class_list":["post-7","page","type-page","status-publish","hentry"],"acf":[],"_links":{"self":[{"href":"https:\/\/krystyna.przymorzu.pl\/en\/wp-json\/wp\/v2\/pages\/7","targetHints":{"allow":["GET"]}}],"collection":[{"href":"https:\/\/krystyna.przymorzu.pl\/en\/wp-json\/wp\/v2\/pages"}],"about":[{"href":"https:\/\/krystyna.przymorzu.pl\/en\/wp-json\/wp\/v2\/types\/page"}],"author":[{"embeddable":true,"href":"https:\/\/krystyna.przymorzu.pl\/en\/wp-json\/wp\/v2\/users\/1"}],"replies":[{"embeddable":true,"href":"https:\/\/krystyna.przymorzu.pl\/en\/wp-json\/wp\/v2\/comments?post=7"}],"version-history":[{"count":9,"href":"https:\/\/krystyna.przymorzu.pl\/en\/wp-json\/wp\/v2\/pages\/7\/revisions"}],"predecessor-version":[{"id":196,"href":"https:\/\/krystyna.przymorzu.pl\/en\/wp-json\/wp\/v2\/pages\/7\/revisions\/196"}],"wp:attachment":[{"href":"https:\/\/krystyna.przymorzu.pl\/en\/wp-json\/wp\/v2\/media?parent=7"}],"curies":[{"name":"wp","href":"https:\/\/api.w.org\/{rel}","templated":true}]}}